{"id":2887,"date":"2023-10-02T14:50:54","date_gmt":"2023-10-02T12:50:54","guid":{"rendered":"https:\/\/e-mobiliteit.lu\/distributeur-de-rails-canalis\/"},"modified":"2023-11-22T16:45:37","modified_gmt":"2023-11-22T15:45:37","slug":"distributeur-de-rails-canalis","status":"publish","type":"page","link":"https:\/\/e-mobiliteit.lu\/fr\/distributeur-de-rails-canalis\/","title":{"rendered":"Distributeur de rails Canalis"},"content":{"rendered":"<p>[et_pb_section fb_built=\u00a0\u00bb1&Prime; _builder_version=\u00a0\u00bb4.22.2&Prime; _module_preset=\u00a0\u00bbdefault\u00a0\u00bb global_colors_info=\u00a0\u00bb{}\u00a0\u00bb][et_pb_row _builder_version=\u00a0\u00bb4.22.2&Prime; _module_preset=\u00a0\u00bbdefault\u00a0\u00bb max_width=\u00a0\u00bb75%\u00a0\u00bb global_colors_info=\u00a0\u00bb{}\u00a0\u00bb][et_pb_column type=\u00a0\u00bb4_4&Prime; _builder_version=\u00a0\u00bb4.22.2&Prime; _module_preset=\u00a0\u00bbdefault\u00a0\u00bb global_colors_info=\u00a0\u00bb{}\u00a0\u00bb][et_pb_text _builder_version=\u00a0\u00bb4.22.2&Prime; _module_preset=\u00a0\u00bb2a5cc87c-f228-4774-b65e-f33c71ad585a\u00a0\u00bb text_font=\u00a0\u00bbPoppins||||||||\u00a0\u00bb text_font_size=\u00a0\u00bb2.2vw\u00a0\u00bb hover_enabled=\u00a0\u00bb0&Prime; global_colors_info=\u00a0\u00bb{}\u00a0\u00bb text_font_size_last_edited=\u00a0\u00bbon|phone\u00a0\u00bb sticky_enabled=\u00a0\u00bb0&Prime; text_font_size_tablet=\u00a0\u00bb5.5vw\u00a0\u00bb text_font_size_phone=\u00a0\u00bb6vw\u00a0\u00bb]<\/p>\n<p>Rails d&rsquo;alimentation<\/p>\n<p>[\/et_pb_text][\/et_pb_column][\/et_pb_row][et_pb_row column_structure=\u00a0\u00bb1_2,1_2&Prime; make_equal=\u00a0\u00bbon\u00a0\u00bb _builder_version=\u00a0\u00bb4.22.2&Prime; _module_preset=\u00a0\u00bbdefault\u00a0\u00bb max_width=\u00a0\u00bb75%\u00a0\u00bb global_colors_info=\u00a0\u00bb{}\u00a0\u00bb][et_pb_column type=\u00a0\u00bb1_2&Prime; _builder_version=\u00a0\u00bb4.22.2&Prime; _module_preset=\u00a0\u00bbdefault\u00a0\u00bb global_colors_info=\u00a0\u00bb{}\u00a0\u00bb][et_pb_image src=\u00a0\u00bbhttps:\/\/e-mobiliteit.lu\/wp-content\/uploads\/2023\/10\/Sce-E-mobiliteit-Canalis.jpg\u00a0\u00bb title_text=\u00a0\u00bbSce E-mobiliteit Canalis\u00a0\u00bb align=\u00a0\u00bbright\u00a0\u00bb _builder_version=\u00a0\u00bb4.22.2&Prime; _module_preset=\u00a0\u00bbdefault\u00a0\u00bb global_colors_info=\u00a0\u00bb{}\u00a0\u00bb][\/et_pb_image][\/et_pb_column][et_pb_column type=\u00a0\u00bb1_2&Prime; _builder_version=\u00a0\u00bb4.22.2&Prime; _module_preset=\u00a0\u00bbdefault\u00a0\u00bb custom_css_main_element=\u00a0\u00bbmargin:auto\u00a0\u00bb global_colors_info=\u00a0\u00bb{}\u00a0\u00bb][et_pb_text _builder_version=\u00a0\u00bb4.22.2&Prime; _module_preset=\u00a0\u00bb2a5cc87c-f228-4774-b65e-f33c71ad585a\u00a0\u00bb text_font=\u00a0\u00bbPoppins|600|||||||\u00a0\u00bb text_text_color=\u00a0\u00bb#278bc2&Prime; text_font_size=\u00a0\u00bb25px\u00a0\u00bb header_font=\u00a0\u00bb|600|||||||\u00a0\u00bb header_text_color=\u00a0\u00bb#278bc2&Prime; hover_enabled=\u00a0\u00bb0&Prime; global_colors_info=\u00a0\u00bb{}\u00a0\u00bb sticky_enabled=\u00a0\u00bb0&Prime;]<\/p>\n<h1>Distributeur de rails Canalis<\/h1>\n<p>[\/et_pb_text][et_pb_text _builder_version=\u00a0\u00bb4.22.2&Prime; _module_preset=\u00a0\u00bb2a5cc87c-f228-4774-b65e-f33c71ad585a\u00a0\u00bb text_font=\u00a0\u00bbPoppins|300|||||||\u00a0\u00bb text_text_color=\u00a0\u00bb#000000&Prime; text_font_size=\u00a0\u00bb20px\u00a0\u00bb global_colors_info=\u00a0\u00bb{}\u00a0\u00bb]<\/p>\n<p>Distributeur de barres conductrices Canalis pour l&rsquo;installation et le pr\u00e9\u00e9quipement de solutions de recharge. L&rsquo;alternative simple au c\u00e2ble.<\/p>\n<p>[\/et_pb_text][\/et_pb_column][\/et_pb_row][et_pb_row _builder_version=\u00a0\u00bb4.22.2&Prime; _module_preset=\u00a0\u00bbdefault\u00a0\u00bb global_colors_info=\u00a0\u00bb{}\u00a0\u00bb][et_pb_column type=\u00a0\u00bb4_4&Prime; _builder_version=\u00a0\u00bb4.22.2&Prime; _module_preset=\u00a0\u00bbdefault\u00a0\u00bb global_colors_info=\u00a0\u00bb{}\u00a0\u00bb][et_pb_text _builder_version=\u00a0\u00bb4.22.2&Prime; _module_preset=\u00a0\u00bb2a5cc87c-f228-4774-b65e-f33c71ad585a\u00a0\u00bb text_font=\u00a0\u00bbPoppins||||||||\u00a0\u00bb text_font_size=\u00a0\u00bb20px\u00a0\u00bb header_2_font=\u00a0\u00bb|600|||||||\u00a0\u00bb global_colors_info=\u00a0\u00bb{}\u00a0\u00bb]<\/p>\n<h2>Description du produit<\/h2>\n<p>[\/et_pb_text][et_pb_text _builder_version=\u00a0\u00bb4.22.2&Prime; _module_preset=\u00a0\u00bb2a5cc87c-f228-4774-b65e-f33c71ad585a\u00a0\u00bb text_font=\u00a0\u00bbPoppins||||||||\u00a0\u00bb text_font_size=\u00a0\u00bb20px\u00a0\u00bb global_colors_info=\u00a0\u00bb{}\u00a0\u00bb]<\/p>\n<p>Distributeur de barres conductrices Canalis pour l&rsquo;e-mobilit\u00e9 : l&rsquo;alternative simple aux c\u00e2bles<\/p>\n<p>[\/et_pb_text][et_pb_text _builder_version=\u00a0\u00bb4.22.2&Prime; _module_preset=\u00a0\u00bb2a5cc87c-f228-4774-b65e-f33c71ad585a\u00a0\u00bb text_font=\u00a0\u00bbPoppins|300|||||||\u00a0\u00bb text_font_size=\u00a0\u00bb20px\u00a0\u00bb global_colors_info=\u00a0\u00bb{}\u00a0\u00bb]<\/p>\n<p>Les distributeurs de rails Canalis sont une alternative \u00e0 l&rsquo;installation de c\u00e2bles et permettent une installation peu encombrante. En effet, au lieu d&rsquo;utiliser des c\u00e2bles parall\u00e8les pour chaque solution de charge, cette solution utilise un conducteur commun. Cela permet \u00e9galement de r\u00e9duire la puissance moyenne dissip\u00e9e et le risque d&rsquo;incendie par rapport aux installations de c\u00e2bles classiques.<\/p>\n<p>Plus les modifications apport\u00e9es \u00e0 une installation existante avec c\u00e2ble sont nombreuses, plus les co\u00fbts sont \u00e9lev\u00e9s. C&rsquo;est le cas, par exemple, de l&rsquo;installation et du pr\u00e9-\u00e9quipement dans les parkings souterrains des immeubles d&rsquo;habitation, lorsqu&rsquo;une Wallbox ou une borne de recharge doit \u00eatre install\u00e9e \u00e0 certains emplacements et seulement pr\u00e9-\u00e9quip\u00e9e \u00e0 d&rsquo;autres. Gr\u00e2ce \u00e0 son montage simple, le syst\u00e8me Canalis est facilement extensible et r\u00e9duit donc les co\u00fbts de l&rsquo;installation globale &#8211; Buy as you grow !<\/p>\n<p>[\/et_pb_text][et_pb_text _builder_version=\u00a0\u00bb4.22.2&Prime; _module_preset=\u00a0\u00bb2a5cc87c-f228-4774-b65e-f33c71ad585a\u00a0\u00bb text_font=\u00a0\u00bbPoppins||||||||\u00a0\u00bb text_font_size=\u00a0\u00bb20px\u00a0\u00bb header_2_font=\u00a0\u00bb|600|||||||\u00a0\u00bb global_colors_info=\u00a0\u00bb{}\u00a0\u00bb]<\/p>\n<h2>Aper\u00e7u des avantages<\/h2>\n<p>[\/et_pb_text][et_pb_text _builder_version=\u00a0\u00bb4.22.2&Prime; _module_preset=\u00a0\u00bb2a5cc87c-f228-4774-b65e-f33c71ad585a\u00a0\u00bb text_font=\u00a0\u00bbPoppins|300|||||||\u00a0\u00bb text_font_size=\u00a0\u00bb20px\u00a0\u00bb global_colors_info=\u00a0\u00bb{}\u00a0\u00bb]<\/p>\n<ul>\n<li>sans entretien, avec un faible encombrement et sans rayon de courbure<\/li>\n<li>\u00e9conomie de temps et d&rsquo;argent : moins d&rsquo;heures de travail gr\u00e2ce \u00e0 un montage rapide<\/li>\n<li>en tant que syst\u00e8me modulaire, extensible de mani\u00e8re flexible et intelligente<\/li>\n<li>sans PVC et sans halog\u00e8ne et offre un faible risque d&rsquo;incendie<\/li>\n<\/ul>\n<p>[\/et_pb_text][dsm_business_hours _builder_version=\u00a0\u00bb4.22.2&Prime; _module_preset=\u00a0\u00bbdefault\u00a0\u00bb global_colors_info=\u00a0\u00bb{}\u00a0\u00bb][\/dsm_business_hours][\/et_pb_column][\/et_pb_row][\/et_pb_section]<\/p>\n","protected":false},"excerpt":{"rendered":"<p>Rails d&rsquo;alimentationDistributeur de rails CanalisDistributeur de barres conductrices Canalis pour l&rsquo;installation et le pr\u00e9\u00e9quipement de solutions de recharge. L&rsquo;alternative simple au c\u00e2ble.Description du produitDistributeur de barres conductrices Canalis pour l&rsquo;e-mobilit\u00e9 : l&rsquo;alternative simple aux c\u00e2blesLes distributeurs de rails Canalis sont une alternative \u00e0 l&rsquo;installation de c\u00e2bles et permettent une installation peu encombrante. En effet, au [&hellip;]<\/p>\n","protected":false},"author":3,"featured_media":0,"parent":0,"menu_order":0,"comment_status":"closed","ping_status":"closed","template":"","meta":{"_et_pb_use_builder":"on","_et_pb_old_content":"","_et_gb_content_width":"","footnotes":""},"class_list":["post-2887","page","type-page","status-publish","hentry"],"_links":{"self":[{"href":"https:\/\/e-mobiliteit.lu\/fr\/wp-json\/wp\/v2\/pages\/2887","targetHints":{"allow":["GET"]}}],"collection":[{"href":"https:\/\/e-mobiliteit.lu\/fr\/wp-json\/wp\/v2\/pages"}],"about":[{"href":"https:\/\/e-mobiliteit.lu\/fr\/wp-json\/wp\/v2\/types\/page"}],"author":[{"embeddable":true,"href":"https:\/\/e-mobiliteit.lu\/fr\/wp-json\/wp\/v2\/users\/3"}],"replies":[{"embeddable":true,"href":"https:\/\/e-mobiliteit.lu\/fr\/wp-json\/wp\/v2\/comments?post=2887"}],"version-history":[{"count":2,"href":"https:\/\/e-mobiliteit.lu\/fr\/wp-json\/wp\/v2\/pages\/2887\/revisions"}],"predecessor-version":[{"id":2889,"href":"https:\/\/e-mobiliteit.lu\/fr\/wp-json\/wp\/v2\/pages\/2887\/revisions\/2889"}],"wp:attachment":[{"href":"https:\/\/e-mobiliteit.lu\/fr\/wp-json\/wp\/v2\/media?parent=2887"}],"curies":[{"name":"wp","href":"https:\/\/api.w.org\/{rel}","templated":true}]}}