{"id":2931,"date":"2023-10-02T12:11:38","date_gmt":"2023-10-02T10:11:38","guid":{"rendered":"https:\/\/e-mobiliteit.lu\/contactez-nous\/"},"modified":"2023-11-23T13:37:55","modified_gmt":"2023-11-23T12:37:55","slug":"contactez-nous","status":"publish","type":"page","link":"https:\/\/e-mobiliteit.lu\/fr\/contactez-nous\/","title":{"rendered":"Contactez-nous"},"content":{"rendered":"<p>[et_pb_section fb_built=\u00a0\u00bb1&Prime; _builder_version=\u00a0\u00bb4.22.2&Prime; _module_preset=\u00a0\u00bbdefault\u00a0\u00bb global_colors_info=\u00a0\u00bb{}\u00a0\u00bb][et_pb_row column_structure=\u00a0\u00bb2_5,3_5&Prime; _builder_version=\u00a0\u00bb4.22.2&Prime; _module_preset=\u00a0\u00bbdefault\u00a0\u00bb max_width=\u00a0\u00bb75%\u00a0\u00bb global_colors_info=\u00a0\u00bb{}\u00a0\u00bb][et_pb_column type=\u00a0\u00bb2_5&Prime; _builder_version=\u00a0\u00bb4.22.2&Prime; _module_preset=\u00a0\u00bbdefault\u00a0\u00bb global_colors_info=\u00a0\u00bb{}\u00a0\u00bb][et_pb_text _builder_version=\u00a0\u00bb4.22.2&Prime; _module_preset=\u00a0\u00bbdefault\u00a0\u00bb header_font=\u00a0\u00bbPoppins||||||||\u00a0\u00bb header_text_color=\u00a0\u00bbRGBA(255,255,255,0)\u00a0\u00bb header_font_size=\u00a0\u00bb1px\u00a0\u00bb header_2_font=\u00a0\u00bbPoppins|600|||||||\u00a0\u00bb header_2_font_size=\u00a0\u00bb30px\u00a0\u00bb global_colors_info=\u00a0\u00bb{}\u00a0\u00bb]<\/p>\n<h1>Nos informations et formulaire de contact<\/h1>\n<p>[\/et_pb_text][et_pb_text _builder_version=\u00a0\u00bb4.22.2&Prime; _module_preset=\u00a0\u00bbdefault\u00a0\u00bb header_2_font=\u00a0\u00bbPoppins|600|||||||\u00a0\u00bb header_2_font_size=\u00a0\u00bb2.2vw\u00a0\u00bb hover_enabled=\u00a0\u00bb0&Prime; global_colors_info=\u00a0\u00bb{}\u00a0\u00bb header_2_font_size_last_edited=\u00a0\u00bbon|phone\u00a0\u00bb sticky_enabled=\u00a0\u00bb0&Prime; header_2_font_size_tablet=\u00a0\u00bb5.5vw\u00a0\u00bb header_2_font_size_phone=\u00a0\u00bb6vw\u00a0\u00bb]<\/p>\n<h2>Comment pouvons-nous vous aider ?<\/h2>\n<p>[\/et_pb_text][et_pb_text _builder_version=\u00a0\u00bb4.22.2&Prime; _module_preset=\u00a0\u00bbdefault\u00a0\u00bb text_font=\u00a0\u00bbPoppins|300|||||||\u00a0\u00bb text_font_size=\u00a0\u00bb16px\u00a0\u00bb global_colors_info=\u00a0\u00bb{}\u00a0\u00bb]<\/p>\n<p>Nos interlocuteurs sont \u00e0 votre disposition pour r\u00e9pondre \u00e0 toutes vos questions. N&rsquo;h\u00e9sitez pas \u00e0 utiliser le formulaire de contact \u00e0 droite.<\/p>\n<p>[\/et_pb_text][et_pb_text _builder_version=\u00a0\u00bb4.22.2&Prime; _module_preset=\u00a0\u00bbdefault\u00a0\u00bb text_font=\u00a0\u00bbPoppins|600|||||||\u00a0\u00bb text_font_size=\u00a0\u00bb25px\u00a0\u00bb header_2_font=\u00a0\u00bbPoppins|600|||||||\u00a0\u00bb header_2_font_size=\u00a0\u00bb30px\u00a0\u00bb global_colors_info=\u00a0\u00bb{}\u00a0\u00bb]<\/p>\n<p>N&rsquo;h\u00e9sitez pas \u00e0 nous contacter !<\/p>\n<p>[\/et_pb_text][et_pb_team_member name=\u00a0\u00bbSCE S\u00e0rl\u00a0\u00bb position=\u00a0\u00bbStephano D&apos;Angelo\u00a0\u00bb image_url=\u00a0\u00bbhttps:\/\/e-mobiliteit.lu\/wp-content\/uploads\/2023\/09\/Team-SCE-Stephano-dAngelo.jpg\u00a0\u00bb icon_color=\u00a0\u00bb#0000FF\u00a0\u00bb use_icon_font_size=\u00a0\u00bbon\u00a0\u00bb module_class=\u00a0\u00bbtbvs-person-circle-icon\u00a0\u00bb _builder_version=\u00a0\u00bb4.22.2&Prime; _module_preset=\u00a0\u00bbdefault\u00a0\u00bb header_font=\u00a0\u00bbPoppins|700|||||||\u00a0\u00bb header_text_color=\u00a0\u00bb#278bc2&Prime; header_font_size=\u00a0\u00bb18px\u00a0\u00bb header_line_height=\u00a0\u00bb1.1em\u00a0\u00bb body_font=\u00a0\u00bbPoppins||||||||\u00a0\u00bb body_text_color=\u00a0\u00bb#333333&Prime; position_font=\u00a0\u00bbPoppins|600|||||||\u00a0\u00bb position_text_color=\u00a0\u00bb#000000&Prime; position_font_size=\u00a0\u00bb18px\u00a0\u00bb body_link_text_color=\u00a0\u00bb#333333&Prime; body_link_font_size=\u00a0\u00bb15px\u00a0\u00bb custom_margin_tablet=\u00a0\u00bb||30px||false|false\u00a0\u00bb custom_margin_phone=\u00a0\u00bb\u00a0\u00bb custom_margin_last_edited=\u00a0\u00bbon|tablet\u00a0\u00bb text_orientation_tablet=\u00a0\u00bb\u00a0\u00bb text_orientation_phone=\u00a0\u00bbcenter\u00a0\u00bb text_orientation_last_edited=\u00a0\u00bbon|phone\u00a0\u00bb custom_css_member_image=\u00a0\u00bbmax-width: 100px!important;||display: inline-block;||margin-bottom: 20px!important;||float: left;\u00a0\u00bb custom_css_member_description=\u00a0\u00bbmargin-left: 125px!important;\u00a0\u00bb border_radii_image=\u00a0\u00bbon|50%|50%|50%|50%\u00a0\u00bb border_width_all_image=\u00a0\u00bb3px\u00a0\u00bb border_color_all_image=\u00a0\u00bb#278bc2&Prime; box_shadow_style_image=\u00a0\u00bbpreset3&Prime; global_colors_info=\u00a0\u00bb{}\u00a0\u00bb icon_color__hover_enabled=\u00a0\u00bbon|desktop\u00a0\u00bb icon_color__hover=\u00a0\u00bb#181818&Prime; custom_css_member_image_last_edited=\u00a0\u00bbon|phone\u00a0\u00bb custom_css_member_image_tablet=\u00a0\u00bbmax-width: 100px!important;||display: inline-block;||margin: 0;||margin-bottom: 20px!important;||float: left;\u00a0\u00bb custom_css_member_description_last_edited=\u00a0\u00bbon|desktop\u00a0\u00bb custom_css_member_description_tablet=\u00a0\u00bbdisplay: block!important;||margin-left: 125px!important;\u00a0\u00bb custom_css_member_image_phone=\u00a0\u00bbmax-width: 100px!important;||display: inline-block;||margin: 0;||margin-bottom: 20px!important;||float: none;\u00a0\u00bb custom_css_member_description_phone=\u00a0\u00bbmargin-left: 0!important;\u00a0\u00bb]<\/p>\n<p><a href=\"mailto:stephano.dangelo@sce-international.lu\">stephano.dangelo@sce-international.lu<\/a><\/p>\n<p>[\/et_pb_team_member][\/et_pb_column][et_pb_column type=\u00a0\u00bb3_5&Prime; _builder_version=\u00a0\u00bb4.22.2&Prime; _module_preset=\u00a0\u00bbdefault\u00a0\u00bb background_color=\u00a0\u00bb#fcfcfc\u00a0\u00bb border_radii=\u00a0\u00bbon|10px|10px|10px|10px\u00a0\u00bb box_shadow_style=\u00a0\u00bbpreset1&Prime; box_shadow_blur=\u00a0\u00bb9px\u00a0\u00bb global_colors_info=\u00a0\u00bb{}\u00a0\u00bb][et_pb_contact_form captcha=\u00a0\u00bboff\u00a0\u00bb email=\u00a0\u00bbinfo@sce-international.lu\u00a0\u00bb custom_message=\u00a0\u00bbGuten Tag, ||et_pb_line_break_holder||||et_pb_line_break_holder||Sie haben \u00fcber Ihre Website eine neue Angebotsanfrage erhalten :||et_pb_line_break_holder||||et_pb_line_break_holder||Name: %%Name%%||et_pb_line_break_holder||||et_pb_line_break_holder||Firma: %%Firma%%||et_pb_line_break_holder||||et_pb_line_break_holder||Postleitzahl: %%Postleitzahl%%||et_pb_line_break_holder||||et_pb_line_break_holder||Telefonnummer: %%Telefonnummer%%||et_pb_line_break_holder||||et_pb_line_break_holder||E-Mail-Adresse: %%E-Mail-Adresse%%||et_pb_line_break_holder||||et_pb_line_break_holder||Thema: %%Thema%%||et_pb_line_break_holder||||et_pb_line_break_holder||Nachricht: %%Nachricht%%.||et_pb_line_break_holder||||et_pb_line_break_holder||%%GDPR%%||et_pb_line_break_holder||||et_pb_line_break_holder||Bitte kontaktieren Sie die interessierte Person so bald wie m\u00f6glich.\u00a0\u00bb use_redirect=\u00a0\u00bbon\u00a0\u00bb redirect_url=\u00a0\u00bbhttps:\/\/e-mobiliteit.lu\/thank-you\/\u00a0\u00bb success_message=\u00a0\u00bbMerci pour votre message\u00a0\u00bb submit_button_text=\u00a0\u00bbEnvoyer\u00a0\u00bb _builder_version=\u00a0\u00bb4.22.2&Prime; _module_preset=\u00a0\u00bbdefault\u00a0\u00bb _unique_id=\u00a0\u00bbd84ed437-c9c6-4c82-a762-b0a54a112e4a\u00a0\u00bb form_field_background_color=\u00a0\u00bb#FFFFFF\u00a0\u00bb form_field_focus_background_color=\u00a0\u00bb#ffffff\u00a0\u00bb title_font=\u00a0\u00bbPoppins||||||||\u00a0\u00bb form_field_font=\u00a0\u00bbPoppins||||||||\u00a0\u00bb form_field_font_size=\u00a0\u00bb16px\u00a0\u00bb background_color=\u00a0\u00bbRGBA(255,255,255,0)\u00a0\u00bb custom_button=\u00a0\u00bbon\u00a0\u00bb button_text_size=\u00a0\u00bb18px\u00a0\u00bb button_text_color=\u00a0\u00bb#FFFFFF\u00a0\u00bb button_bg_color=\u00a0\u00bb#278bc2&Prime; button_border_width=\u00a0\u00bb0px\u00a0\u00bb button_font=\u00a0\u00bbPoppins|300|||||||\u00a0\u00bb custom_padding=\u00a0\u00bb15px|10px|15px|10px|true|true\u00a0\u00bb border_radii=\u00a0\u00bbon|10px|10px|10px|10px\u00a0\u00bb border_width_all=\u00a0\u00bb1px\u00a0\u00bb global_colors_info=\u00a0\u00bb{}\u00a0\u00bb][et_pb_contact_field field_id=\u00a0\u00bbName\u00a0\u00bb field_title=\u00a0\u00bbVos Nom &amp; Pr\u00e9nom*\u00a0\u00bb fullwidth_field=\u00a0\u00bbon\u00a0\u00bb _builder_version=\u00a0\u00bb4.22.2&Prime; global_colors_info=\u00a0\u00bb{}\u00a0\u00bb button_text_size__hover_enabled=\u00a0\u00bboff\u00a0\u00bb button_one_text_size__hover_enabled=\u00a0\u00bboff\u00a0\u00bb button_two_text_size__hover_enabled=\u00a0\u00bboff\u00a0\u00bb button_text_color__hover_enabled=\u00a0\u00bboff\u00a0\u00bb button_one_text_color__hover_enabled=\u00a0\u00bboff\u00a0\u00bb button_two_text_color__hover_enabled=\u00a0\u00bboff\u00a0\u00bb button_border_width__hover_enabled=\u00a0\u00bboff\u00a0\u00bb button_one_border_width__hover_enabled=\u00a0\u00bboff\u00a0\u00bb button_two_border_width__hover_enabled=\u00a0\u00bboff\u00a0\u00bb button_border_color__hover_enabled=\u00a0\u00bboff\u00a0\u00bb button_one_border_color__hover_enabled=\u00a0\u00bboff\u00a0\u00bb button_two_border_color__hover_enabled=\u00a0\u00bboff\u00a0\u00bb button_border_radius__hover_enabled=\u00a0\u00bboff\u00a0\u00bb button_one_border_radius__hover_enabled=\u00a0\u00bboff\u00a0\u00bb button_two_border_radius__hover_enabled=\u00a0\u00bboff\u00a0\u00bb button_letter_spacing__hover_enabled=\u00a0\u00bboff\u00a0\u00bb button_one_letter_spacing__hover_enabled=\u00a0\u00bboff\u00a0\u00bb button_two_letter_spacing__hover_enabled=\u00a0\u00bboff\u00a0\u00bb button_bg_color__hover_enabled=\u00a0\u00bboff\u00a0\u00bb button_one_bg_color__hover_enabled=\u00a0\u00bboff\u00a0\u00bb button_two_bg_color__hover_enabled=\u00a0\u00bboff\u00a0\u00bb][\/et_pb_contact_field][et_pb_contact_field field_id=\u00a0\u00bbFirma\u00a0\u00bb field_title=\u00a0\u00bbVotre entreprise\u00a0\u00bb required_mark=\u00a0\u00bboff\u00a0\u00bb fullwidth_field=\u00a0\u00bbon\u00a0\u00bb _builder_version=\u00a0\u00bb4.22.2&Prime; _module_preset=\u00a0\u00bbdefault\u00a0\u00bb global_colors_info=\u00a0\u00bb{}\u00a0\u00bb][\/et_pb_contact_field][et_pb_contact_field field_id=\u00a0\u00bbPostleitzahl\u00a0\u00bb field_title=\u00a0\u00bbVotre code postal\u00a0\u00bb fullwidth_field=\u00a0\u00bbon\u00a0\u00bb _builder_version=\u00a0\u00bb4.22.2&Prime; _module_preset=\u00a0\u00bbdefault\u00a0\u00bb global_colors_info=\u00a0\u00bb{}\u00a0\u00bb][\/et_pb_contact_field][et_pb_contact_field field_id=\u00a0\u00bbTelefonnummer\u00a0\u00bb field_title=\u00a0\u00bbVotre num\u00e9ro de t\u00e9l\u00e9phone\u00a0\u00bb required_mark=\u00a0\u00bboff\u00a0\u00bb fullwidth_field=\u00a0\u00bbon\u00a0\u00bb _builder_version=\u00a0\u00bb4.22.2&Prime; _module_preset=\u00a0\u00bbdefault\u00a0\u00bb global_colors_info=\u00a0\u00bb{}\u00a0\u00bb][\/et_pb_contact_field][et_pb_contact_field field_id=\u00a0\u00bbE-Mail-Adresse\u00a0\u00bb field_title=\u00a0\u00bbVotre adresse e-mail*\u00a0\u00bb fullwidth_field=\u00a0\u00bbon\u00a0\u00bb _builder_version=\u00a0\u00bb4.22.2&Prime; _module_preset=\u00a0\u00bbdefault\u00a0\u00bb global_colors_info=\u00a0\u00bb{}\u00a0\u00bb][\/et_pb_contact_field][et_pb_contact_field field_id=\u00a0\u00bbThema\u00a0\u00bb field_title=\u00a0\u00bbSujet*\u00a0\u00bb field_type=\u00a0\u00bbselect\u00a0\u00bb select_options=\u00a0\u00bb%91{%22value%22:%22Recharge dans un parking souterrain%22,%22checked%22:0,%22dragID%22:-1},{%22value%22:%22\u00c0 domicile%22,%22checked%22:0,%22dragID%22:0},{%22value%22:%22Dans un magasin commercial%22,%22checked%22:0,%22dragID%22:1},{%22value%22:%22\u00c9lectrification de la flotte%22,%22checked%22:0,%22dragID%22:2},{%22value%22:%22Wallbox%22,%22checked%22:0,%22dragID%22:3},{%22value%22:%22Bornes de recharge%22,%22checked%22:0,%22dragID%22:4},{%22value%22:%22Gestion dynamique de la charge%22,%22checked%22:0,%22dragID%22:5},{%22value%22:%22Syst\u00e8me de rails \u00e9lectriques%22,%22checked%22:0,%22dragID%22:6},{%22value%22:%22Autre%22,%22checked%22:0,%22dragID%22:7}%93&Prime; fullwidth_field=\u00a0\u00bbon\u00a0\u00bb _builder_version=\u00a0\u00bb4.22.2&Prime; _module_preset=\u00a0\u00bbdefault\u00a0\u00bb global_colors_info=\u00a0\u00bb{}\u00a0\u00bb][\/et_pb_contact_field][et_pb_contact_field field_id=\u00a0\u00bbNachricht\u00a0\u00bb field_title=\u00a0\u00bbVotre message*\u00a0\u00bb field_type=\u00a0\u00bbtext\u00a0\u00bb fullwidth_field=\u00a0\u00bbon\u00a0\u00bb _builder_version=\u00a0\u00bb4.22.2&Prime; _module_preset=\u00a0\u00bbdefault\u00a0\u00bb global_colors_info=\u00a0\u00bb{}\u00a0\u00bb][\/et_pb_contact_field][et_pb_contact_field field_id=\u00a0\u00bbGDPR\u00a0\u00bb field_title=\u00a0\u00bb \u00a0\u00bb field_type=\u00a0\u00bbcheckbox\u00a0\u00bb checkbox_options=\u00a0\u00bb%91{%22value%22:%22J&apos;accepte que mes donn\u00e9es soient transmises \u00e0 SCE S\u00e0rl dans le cadre de ma demande d&apos;information*%22,%22checked%22:0,%22dragID%22:-1}%93&Prime; fullwidth_field=\u00a0\u00bbon\u00a0\u00bb _builder_version=\u00a0\u00bb4.22.2&Prime; _module_preset=\u00a0\u00bbdefault\u00a0\u00bb global_colors_info=\u00a0\u00bb{}\u00a0\u00bb][\/et_pb_contact_field][\/et_pb_contact_form][\/et_pb_column][\/et_pb_row][\/et_pb_section]<\/p>\n","protected":false},"excerpt":{"rendered":"<p>Nos informations et formulaire de contactComment pouvons-nous vous aider ?Nos interlocuteurs sont \u00e0 votre disposition pour r\u00e9pondre \u00e0 toutes vos questions. N&rsquo;h\u00e9sitez pas \u00e0 utiliser le formulaire de contact \u00e0 droite.N&rsquo;h\u00e9sitez pas \u00e0 nous contacter !stephano.dangelo@sce-international.lu<\/p>\n","protected":false},"author":3,"featured_media":0,"parent":0,"menu_order":0,"comment_status":"closed","ping_status":"closed","template":"","meta":{"_et_pb_use_builder":"on","_et_pb_old_content":"","_et_gb_content_width":"","footnotes":""},"class_list":["post-2931","page","type-page","status-publish","hentry"],"_links":{"self":[{"href":"https:\/\/e-mobiliteit.lu\/fr\/wp-json\/wp\/v2\/pages\/2931","targetHints":{"allow":["GET"]}}],"collection":[{"href":"https:\/\/e-mobiliteit.lu\/fr\/wp-json\/wp\/v2\/pages"}],"about":[{"href":"https:\/\/e-mobiliteit.lu\/fr\/wp-json\/wp\/v2\/types\/page"}],"author":[{"embeddable":true,"href":"https:\/\/e-mobiliteit.lu\/fr\/wp-json\/wp\/v2\/users\/3"}],"replies":[{"embeddable":true,"href":"https:\/\/e-mobiliteit.lu\/fr\/wp-json\/wp\/v2\/comments?post=2931"}],"version-history":[{"count":2,"href":"https:\/\/e-mobiliteit.lu\/fr\/wp-json\/wp\/v2\/pages\/2931\/revisions"}],"predecessor-version":[{"id":2933,"href":"https:\/\/e-mobiliteit.lu\/fr\/wp-json\/wp\/v2\/pages\/2931\/revisions\/2933"}],"wp:attachment":[{"href":"https:\/\/e-mobiliteit.lu\/fr\/wp-json\/wp\/v2\/media?parent=2931"}],"curies":[{"name":"wp","href":"https:\/\/api.w.org\/{rel}","templated":true}]}}